{"id":22,"date":"2022-07-07T13:54:40","date_gmt":"2022-07-07T11:54:40","guid":{"rendered":"https:\/\/www.daiden.co\/public\/?page_id=22"},"modified":"2022-07-18T12:59:03","modified_gmt":"2022-07-18T10:59:03","slug":"a-propos-de","status":"publish","type":"page","link":"https:\/\/www.daiden.co\/public\/index.php\/a-propos-de\/","title":{"rendered":"\u00c0 propos de"},"content":{"rendered":"\n<p>DAIDENCO fournit une expertise et une exp\u00e9rience dans les r\u00e9seaux avanc\u00e9s, la fibre et la s\u00e9curit\u00e9, ainsi que le d\u00e9veloppement de logiciels et d&rsquo;\u00e9lectronique.<\/p>\n","protected":false},"excerpt":{"rendered":"<p>DAIDENCO fournit une expertise et une exp\u00e9rience dans les r\u00e9seaux avanc\u00e9s, la fibre et la s\u00e9curit\u00e9, ainsi que le d\u00e9veloppement [&hellip;]<\/p>\n","protected":false},"author":2,"featured_media":0,"parent":0,"menu_order":0,"comment_status":"closed","ping_status":"closed","template":"","meta":[],"_links":{"self":[{"href":"https:\/\/www.daiden.co\/public\/index.php\/wp-json\/wp\/v2\/pages\/22"}],"collection":[{"href":"https:\/\/www.daiden.co\/public\/index.php\/wp-json\/wp\/v2\/pages"}],"about":[{"href":"https:\/\/www.daiden.co\/public\/index.php\/wp-json\/wp\/v2\/types\/page"}],"author":[{"embeddable":true,"href":"https:\/\/www.daiden.co\/public\/index.php\/wp-json\/wp\/v2\/users\/2"}],"replies":[{"embeddable":true,"href":"https:\/\/www.daiden.co\/public\/index.php\/wp-json\/wp\/v2\/comments?post=22"}],"version-history":[{"count":2,"href":"https:\/\/www.daiden.co\/public\/index.php\/wp-json\/wp\/v2\/pages\/22\/revisions"}],"predecessor-version":[{"id":100,"href":"https:\/\/www.daiden.co\/public\/index.php\/wp-json\/wp\/v2\/pages\/22\/revisions\/100"}],"wp:attachment":[{"href":"https:\/\/www.daiden.co\/public\/index.php\/wp-json\/wp\/v2\/media?parent=22"}],"curies":[{"name":"wp","href":"https:\/\/api.w.org\/{rel}","templated":true}]}}